{"id":134,"date":"2022-05-24T17:55:45","date_gmt":"2022-05-24T17:55:45","guid":{"rendered":"https:\/\/www.auroratalo.fi\/?page_id=134"},"modified":"2026-03-20T13:30:22","modified_gmt":"2026-03-20T13:30:22","slug":"talon-vakea","status":"publish","type":"page","link":"https:\/\/www.auroratalo.fi\/?page_id=134","title":{"rendered":"Talon V\u00e4ke\u00e4"},"content":{"rendered":"\n<p>Auroratalossa on runsaasti eri toimijoita. T\u00e4ss\u00e4 on osa heist\u00e4!<\/p>\n\n\n\n<p><a href=\"https:\/\/www.auroranvalo.com\/\">Auroran Valo -pimi\u00f6 ja studio<\/a><\/p>\n\n\n\n<p><a href=\"https:\/\/www.easy-host.fi\/listings\/373963\" data-type=\"link\" data-id=\"https:\/\/www.easy-host.fi\/listings\/373963\">Easy hostels<\/a><\/p>\n\n\n\n<p><a href=\"https:\/\/www.sll.fi\/espoo\/\" data-type=\"link\" data-id=\"https:\/\/www.sll.fi\/espoo\/\">Espoon ymp\u00e4rist\u00f6yhdistys<\/a><\/p>\n\n\n\n<p><a href=\"http:\/\/www.espooart.fi\/\">Espoo Art ry<\/a><\/p>\n\n\n\n<p><a href=\"https:\/\/jettaj.fi\/\" data-type=\"link\" data-id=\"https:\/\/jettaj.fi\/\">Jetta Jalander, valokuvaaja<\/a><\/p>\n\n\n\n<p><a href=\"https:\/\/www.auroratalo.fi\/?page_id=359\">Katin FT-klinikka<\/a><\/p>\n\n\n\n<p><a href=\"https:\/\/muotografia.myportfolio.com\/tekija\" data-type=\"link\" data-id=\"https:\/\/muotografia.myportfolio.com\/tekija\">Tanja Kallio, muotoilija &amp; graafinen suunnittelija<\/a><\/p>\n\n\n\n<p><a href=\"https:\/\/www.auroratalo.fi\/?page_id=251\" data-type=\"URL\" data-id=\"https:\/\/www.auroratalo.fi\/?page_id=251\">Fysioterapia Tenetz<\/a><\/p>\n\n\n\n<p><a href=\"https:\/\/poponni.fi\/\" data-type=\"link\" data-id=\"https:\/\/poponni.fi\/\">Poponni<\/a><\/p>\n\n\n\n<p><a href=\"https:\/\/www.auroratalo.fi\/?page_id=481\">Sami Kuvaja Tattoo<\/a><\/p>\n\n\n\n<p><a href=\"https:\/\/traskandankartano.fi\/\" data-type=\"URL\" data-id=\"https:\/\/traskandankartano.fi\/\">Tr\u00e4sk\u00e4ndan kartanon yst\u00e4v\u00e4t ry<\/a><\/p>\n\n\n\n<p><a href=\"https:\/\/www.tuulenvirepalvelut.com\/\" data-type=\"link\" data-id=\"https:\/\/www.tuulenvirepalvelut.com\/\">Tuulenvirepalvelut<\/a><\/p>\n\n\n\n<p><a href=\"https:\/\/www.auroratalo.fi\/?page_id=792\">Verhoomo Kyt\u00f6<\/a><\/p>\n\n\n\n<p><a href=\"https:\/\/www.verhoomoraidakas.fi\/\" data-type=\"link\" data-id=\"https:\/\/www.verhoomoraidakas.fi\/\">Verhoomo Raidakas<\/a><\/p>\n\n\n\n<p><a href=\"https:\/\/yhteisoteatterijaansarkijat.com\/\" data-type=\"link\" data-id=\"https:\/\/yhteisoteatterijaansarkijat.com\/\">Yhteis\u00f6teatteri J\u00e4\u00e4ns\u00e4rkij\u00e4t<\/a><\/p>\n\n\n\n<p><\/p>\n","protected":false},"excerpt":{"rendered":"<p>Auroratalossa on runsaasti eri toimijoita. T\u00e4ss\u00e4 on osa heist\u00e4! Auroran Valo -pimi\u00f6 ja studio Easy hostels Espoon ymp\u00e4rist\u00f6yhdistys Espoo Art ry Jetta Jalander, valokuvaaja Katin FT-klinikka Tanja Kallio, muotoilija &amp; graafinen suunnittelija Fysioterapia Tenetz Poponni Sami Kuvaja Tattoo Tr\u00e4sk\u00e4ndan kartanon yst\u00e4v\u00e4t ry Tuulenvirepalvelut Verhoomo Kyt\u00f6 Verhoomo Raidakas Yhteis\u00f6teatteri J\u00e4\u00e4ns\u00e4rkij\u00e4t<\/p>\n","protected":false},"author":1,"featured_media":0,"parent":0,"menu_order":0,"comment_status":"closed","ping_status":"closed","template":"","meta":{"footnotes":""},"class_list":["post-134","page","type-page","status-publish","hentry","latest_post"],"_links":{"self":[{"href":"https:\/\/www.auroratalo.fi\/index.php?rest_route=\/wp\/v2\/pages\/134","targetHints":{"allow":["GET"]}}],"collection":[{"href":"https:\/\/www.auroratalo.fi\/index.php?rest_route=\/wp\/v2\/pages"}],"about":[{"href":"https:\/\/www.auroratalo.fi\/index.php?rest_route=\/wp\/v2\/types\/page"}],"author":[{"embeddable":true,"href":"https:\/\/www.auroratalo.fi\/index.php?rest_route=\/wp\/v2\/users\/1"}],"replies":[{"embeddable":true,"href":"https:\/\/www.auroratalo.fi\/index.php?rest_route=%2Fwp%2Fv2%2Fcomments&post=134"}],"version-history":[{"count":50,"href":"https:\/\/www.auroratalo.fi\/index.php?rest_route=\/wp\/v2\/pages\/134\/revisions"}],"predecessor-version":[{"id":1823,"href":"https:\/\/www.auroratalo.fi\/index.php?rest_route=\/wp\/v2\/pages\/134\/revisions\/1823"}],"wp:attachment":[{"href":"https:\/\/www.auroratalo.fi\/index.php?rest_route=%2Fwp%2Fv2%2Fmedia&parent=134"}],"curies":[{"name":"wp","href":"https:\/\/api.w.org\/{rel}","templated":true}]}}