{"id":1804,"date":"2026-02-23T16:06:55","date_gmt":"2026-02-23T16:06:55","guid":{"rendered":"https:\/\/www.auroratalo.fi\/?page_id=1804"},"modified":"2026-02-23T16:11:00","modified_gmt":"2026-02-23T16:11:00","slug":"espoo-art-ryn-50-vuotisjuhlavuoden-videot","status":"publish","type":"page","link":"https:\/\/www.auroratalo.fi\/?page_id=1804","title":{"rendered":"Espoo Art ry:n 50-vuotisjuhlavuoden videot"},"content":{"rendered":"\n<p>Talomme suurin toimija taideyhdistys Espoo Art  t\u00e4ytt\u00e4\u00e4 t\u00e4n\u00e4 vuonna 50 vuotta.<\/p>\n\n\n\n<p> <a href=\"https:\/\/www.youtube.com\/channel\/UC-afrEWlRFRBaGRPm1aRSpg\" data-type=\"link\" data-id=\"https:\/\/www.youtube.com\/channel\/UC-afrEWlRFRBaGRPm1aRSpg\">T\u00e4ss\u00e4 yhdistyksen videoita joissa j\u00e4senens\u00e4 kertovat mm Auroratalosta.<\/a><\/p>\n\n\n\n<p><\/p>\n","protected":false},"excerpt":{"rendered":"<p>Talomme suurin toimija taideyhdistys Espoo Art t\u00e4ytt\u00e4\u00e4 t\u00e4n\u00e4 vuonna 50 vuotta. T\u00e4ss\u00e4 yhdistyksen videoita joissa j\u00e4senens\u00e4 kertovat mm Auroratalosta.<\/p>\n","protected":false},"author":1,"featured_media":1806,"parent":0,"menu_order":0,"comment_status":"closed","ping_status":"closed","template":"","meta":{"footnotes":""},"class_list":["post-1804","page","type-page","status-publish","has-post-thumbnail","hentry","latest_post"],"_links":{"self":[{"href":"https:\/\/www.auroratalo.fi\/index.php?rest_route=\/wp\/v2\/pages\/1804","targetHints":{"allow":["GET"]}}],"collection":[{"href":"https:\/\/www.auroratalo.fi\/index.php?rest_route=\/wp\/v2\/pages"}],"about":[{"href":"https:\/\/www.auroratalo.fi\/index.php?rest_route=\/wp\/v2\/types\/page"}],"author":[{"embeddable":true,"href":"https:\/\/www.auroratalo.fi\/index.php?rest_route=\/wp\/v2\/users\/1"}],"replies":[{"embeddable":true,"href":"https:\/\/www.auroratalo.fi\/index.php?rest_route=%2Fwp%2Fv2%2Fcomments&post=1804"}],"version-history":[{"count":1,"href":"https:\/\/www.auroratalo.fi\/index.php?rest_route=\/wp\/v2\/pages\/1804\/revisions"}],"predecessor-version":[{"id":1805,"href":"https:\/\/www.auroratalo.fi\/index.php?rest_route=\/wp\/v2\/pages\/1804\/revisions\/1805"}],"wp:featuredmedia":[{"embeddable":true,"href":"https:\/\/www.auroratalo.fi\/index.php?rest_route=\/wp\/v2\/media\/1806"}],"wp:attachment":[{"href":"https:\/\/www.auroratalo.fi\/index.php?rest_route=%2Fwp%2Fv2%2Fmedia&parent=1804"}],"curies":[{"name":"wp","href":"https:\/\/api.w.org\/{rel}","templated":true}]}}