{"id":1819,"date":"2026-03-10T03:11:02","date_gmt":"2026-03-10T03:11:02","guid":{"rendered":"https:\/\/www.auroratalo.fi\/?page_id=1819"},"modified":"2026-03-23T05:27:50","modified_gmt":"2026-03-23T05:27:50","slug":"malminkaari-23-espoo-art-taiteilijatietoja-kevat-2026-cv","status":"publish","type":"page","link":"https:\/\/www.auroratalo.fi\/?page_id=1819","title":{"rendered":"MALMINKAARI 23 ESPOO ART TAITEILIJATIETOJA KEV\u00c4T 2026 CV"},"content":{"rendered":"\n<p class=\"has-medium-font-size\"><strong>Juha K\u00e4rkk\u00e4inen<\/strong><br><a href=\"https:\/\/www.auroranvalo.com\/\" data-type=\"link\" data-id=\"https:\/\/www.auroranvalo.com\/\">Auroran Valo -pimi\u00f6 ja studio<\/a><\/p>\n\n\n\n<p class=\"has-medium-font-size\"><strong>Eira Laulajainen<\/strong><br>0505713517<br><a href=\"http:\/\/www.eiralaulajainn.com\/\">www.eiralaulajainn.com<\/a><\/p>\n\n\n\n<p class=\"has-medium-font-size\"><strong>Liisa Knuuti<\/strong><br><em>Olen espoolainen kuvataiteilija. Minulla on ty\u00f6huone Tr\u00e4sk\u00e4ndan puiston kupeessa Auroratalossa yhdess\u00e4 30 muun taiteilijan kanssa. Kuulun my\u00f6s aktiiviseen taiteilijayhdistykseen Espoo Artiin, jonka puheenjohtajanakin olen toiminut.<\/em><\/p>\n\n\n\n<p><em>Maalauksieni l\u00e4ht\u00f6kohtana on v\u00e4ri. Inspiraation polku vie luontoon, jossa herkulliset v\u00e4riyhdistelm\u00e4t odottavat l\u00f6yt\u00e4j\u00e4\u00e4ns\u00e4. Luonto onkin t\u00e4ynn\u00e4 j\u00e4nnitt\u00e4vi\u00e4 ja salaper\u00e4isi\u00e4 muotoja. Minua kiinnostavat luonnon pienet yksityiskohdat, joita ei havaita ensi silm\u00e4yksell\u00e4. Silmut, sipulit, siemenet ja juuret kantavat sis\u00e4ll\u00e4\u00e4n luonnon suuruutta ja kauneutta. En maalaa n\u00e4kem\u00e4\u00e4ni sellaisenaan, vaan siit\u00e4 syntyneen tunnelman pohjalta. Valokuvaan kiinnostavia kohteita ja k\u00e4yt\u00e4n niit\u00e4 malleina.<\/em><\/p>\n\n\n\n<p><em>Valo kiehtoo my\u00f6s. Kuinka se leikkii veden pinnalla tai kurkistaa lehtien lomasta. Ja miten valo vaihtelee eri vuodenaikojen ja vuorokauden aikojen v\u00e4lill\u00e4, miten valtava ero on talvisen illan ja kes\u00e4isen y\u00f6n v\u00e4lill\u00e4.<\/em><\/p>\n\n\n\n<p><em>Pinnan rosoisuus ja el\u00e4vyys on t\u00e4rke\u00e4\u00e4. Niit\u00e4 saan aikaan akryyliv\u00e4reill\u00e4 ja stuktuureilla, joihin kokeilen erilaisia tekniikoita. N\u00e4in syntyykin salaper\u00e4isi\u00e4 pintoja. Jotkut katsojat ovat sanoneet lukevansa niit\u00e4 kuin runoa. Kunkin katsojan mieli voi tulkita omansa.<\/em><\/p>\n\n\n\n<p><em>Mielest\u00e4ni maalauksissa pit\u00e4\u00e4 olla my\u00f6s s\u00e4rm\u00e4\u00e4, niiden tulee kertoa my\u00f6s ihmisel\u00e4m\u00e4n hauraudesta ja haavoittuvuudesta. Haluan tuoda t\u00f6ihin my\u00f6s syv\u00e4llisemp\u00e4\u00e4 viesti\u00e4 el\u00e4m\u00e4n arvaamattomuudesta, kuinka \u00e4kki\u00e4 kaikki voi olla toisin.<\/em><br><br><a href=\"mailto:liisa.knuuti@gmail.com\">liisa.knuuti@gmail.com<\/a><br><a href=\"http:\/\/www.liisaknuuti.fi\">www.liisaknuuti.fi<\/a>, puh. 050 5704265<\/p>\n\n\n\n<p class=\"has-medium-font-size\"><strong>Kirsi Onikki<\/strong><br><em>Maalaan teoksia tunne edell\u00e4, l\u00e4hinn\u00e4 akryyli- ja \u00f6ljyv\u00e4reill\u00e4 kankaalle. Tyylini on enemm\u00e4nkin abstrakti ja pid\u00e4n v\u00e4reist\u00e4 ja muodoista ja niiden vuorovaikutuksesta. Viime aikoina olen tehnyt my\u00f6s t\u00f6it\u00e4 sekatekniikalla. Maalaamista olen opiskellut usean vuosikymmenen aikana monien taideopettajien johdolla. P\u00e4iv\u00e4ty\u00f6ni teen sisustussuunnittelun parissa, jossa my\u00f6s voin olla luova ja taiteellinen.<\/em><\/p>\n\n\n\n<p><a href=\"mailto:kirsi.onikki@gmail.com\">kirsi.onikki@gmail.com<\/a><br>puh. 040 7641 387<\/p>\n\n\n\n<p class=\"has-medium-font-size\"><strong>Esa J\u00e4rvinen<\/strong><br><em>Taiteen tekemisess\u00e4 minua kiinnostaa eniten geometristen muotojen ja v\u00e4rien kanssa leikittely ja aiheiden pelkist\u00e4minen. Olen maalannut n\u00e4it\u00e4 ja vapaamuotoisempiakin sommitelmia akryyliv\u00e4reill\u00e4 jo yli viidenkymmenen vuoden ajan erilaisille alustoille.<\/em><\/p>\n\n\n\n<p><em>Ensimm\u00e4inen n\u00e4yttelykosketukseni oli valtakunnallinen nuorten n\u00e4yttely Taidehallissa 1970-luvun lopulla. Sittemmin osallistuin useisiin alue- ja yhteisn\u00e4yttelyihin Lapissa, jossa tein p\u00e4\u00e4osan ammattiurastani kulttuuritoimittajana. Olen my\u00f6s Suomen Kirjailijaliiton j\u00e4sen.<\/em><\/p>\n\n\n\n<p><em>Muutettuani Espooseen (2019) aloin uudelleen maalata kuvia aktiivisesti, k\u00e4yt\u00e4nn\u00f6n syist\u00e4 pienehk\u00f6j\u00e4 teoksia paperille.<\/em><\/p>\n\n\n\n<p><em>0405129217<\/em><br><em>esaijarvinen@gmail.com<\/em><\/p>\n\n\n\n<p class=\"has-medium-font-size\"><strong>Sirkka Laakkonen<\/strong><br><em>Maalaaminen on ollut oma kieleni mill\u00e4 ilmaisen itse\u00e4ni. Rakastan v\u00e4rien leikki\u00e4 ja niisen keskin\u00e4ist\u00e4 j\u00e4nnityst\u00e4. Mustan ja valkoisen eri s\u00e4vyt kiinalaisen maalauksen tapaan antavat toisenlaisen haasteen saada maalus toimimaan Inspiraation saan katsomalla ymp\u00e4rilleni, saaden siten ajatuksia ja ideoita. Taiteen tekeminen on er\u00e4\u00e4nlaista tutkimusta;Yksityiskohtien hakemista ja lainalaisuuksien hallintaa. Olen maalannut ja piirt\u00e4nyt aina, koulussa sain usein pienist\u00e4 paperille maalatuista tai piirretyist\u00e4 t\u00f6ist\u00e4ni palkintoja. Oppikoulun vanha kuvaamataidon opettajani sanoi kuultuani, ett\u00e4 pid\u00e4n oman n\u00e4yttelyn: &#8221;Nytk\u00f6 vasta?&#8221; Siihen aikaan ei ollut tapana antaa tunnustusta tai rohkaista mist\u00e4\u00e4n osaamisesta. Palkintoja toki sai, mitta niit\u00e4 ei osannut ottaa mitenk\u00e4\u00e4n sen erikoisemmin.<\/em><\/p>\n\n\n\n<p class=\"has-medium-font-size\"><strong>Kateriina Hozjajenok<\/strong><br><a href=\"https:\/\/www.artgalleria-kateriina.com\/\">https:\/\/www.artgalleria-kateriina.com\/<\/a><\/p>\n\n\n\n<p class=\"has-medium-font-size\"><strong>Camilla Rouffiange-Ahmad<\/strong><br>Olen muotoilija, jonka taiteellinen ty\u00f6skentely pohjautuu monipuoliseen kuvataiteen osaamiseen. Ilmaisuni liikkuu maalauksen, grafiikan, keramiikan ja kuvanveiston alueilla, ja etsin jatkuvasti uusia tapoja kehitt\u00e4\u00e4 taitojani. Taiteessani korostuvat tunnetilat v\u00e4rej\u00e4 ja kerroksellisuutta k\u00e4ytt\u00e4en. Tavoitteenani on kehitt\u00e4\u00e4 omaa taiteellista ilmaisua sek\u00e4 osallistua laajemmin taiteen ja muotoilun vuoropuheluun.<\/p>\n\n\n\n<p>Instagram: camillarouffiangeahmad<br><a href=\"mailto:Camilla.rouffiange@gmail.com\" target=\"_blank\" rel=\"noreferrer noopener\">Camilla.rouffiange@gmail.com<\/a><\/p>\n\n\n\n<p><strong>Koulutus<\/strong><br>Palvelumuotoilu YAMK, Metropolia Ammattikorkeakoulu (k\u00e4ynniss\u00e4)<br>Muotoilija AMK (Tila- ja kalustesuunnittelu), Metropolia Ammattikorkeakoulu, 2015<br>\u2022Piirt\u00e4minen ja maalaus<br>\u2022El\u00e4v\u00e4nmallin piirt\u00e4minen<br>\u2022Esitystekninen piirt\u00e4minen<br>\u2022Omnian taidekurssit: maalaus, metalligrafiikka, keramiikka, kuvanveisto (jatkuvia opintoja)<\/p>\n\n\n\n<p><strong>Taiteellinen Ty\u00f6kokemus<\/strong><br>\u2022Espoo Art 50 vuotis juhlan\u00e4yttely, Puristamo, 2026<br>\u2022V\u00e4rit puhuvat \u2013n\u00e4yttely, 2025<br>\u2022Camilla Rouffiange Design, toiminimi, 2003\u20132009<br>\u2022Maalausten ja k\u00e4sintehtyjen korttien myynti<br>\u2022Harrastuspohjainen taiteellinen toiminta<\/p>\n\n\n\n<p><strong>Taidot<\/strong><br>Taiteelliset: \u00d6ljyv\u00e4rimaalaus, akvarellimaalaus, keramiikka, kuvanveisto, metalligrafiikka, piirt\u00e4minen<br>Muut: Ideointi, konseptointi, luova ajattelu, muotoilu, havainnollistam<\/p>\n\n\n\n<p class=\"has-medium-font-size\"><strong>Maaret Multam\u00e4ki<\/strong><br><em>Saan ty\u00f6skentelyyni inspiraatiota luonnosta. Maalaan akvarelleilla ja akryyleill\u00e4 tunnelmia,<br>maisemia, mielentiloja ja muistoja. Valon ja veden kuvaaminen kiinnostaa ja haastaa minua<br>erityisesti. Pyrin olemaan sattumille herkk\u00e4. Teokseni syntyv\u00e4t v\u00e4rikerroksia lis\u00e4ten,<br>sattumaa hy\u00f6dynt\u00e4en ja pintoja rakentaen. Parhaimmillaan maalaaminen tarjoaa irtioton<br>arjesta, kokemuksen siit\u00e4, ett\u00e4 asiat loksahtavat kohdalleen ja teos johdattaa tekij\u00e4\u00e4ns\u00e4<br>Maalatessani koen olevani hetken siin\u00e4 tunnelmassa tai maisemassa, jota kuvaan. Niin<br>taiteen tekeminen kuin luontokin tarjoavat minulle heng\u00e4hdyspaikan: mahdollisuuden<br>keskitty\u00e4, rauhoittua ja pys\u00e4hty\u00e4.<br>Toteutan maalaus- ja sisustustaidetta koteihin ja julkisiin tiloihin my\u00f6s tilauksesta.<\/em><br>Ryhm\u00e4n\u00e4yttelyt<br>2026 Espoo Artin 50-vuotisjuhlan\u00e4yttely, Kaapelitehdas, Helsinki<br>2025 V\u00e4rit puhuvat II, Ainoa, Espoo<br>2025 Espoo Artin vuosin\u00e4yttely V\u00e4rin Lumo, Kaapelitehdas, Helsinki<br>2024 Pittoreski puutarhani, Stansvikin kartano, Helsinki<br>2024 Espoo Artin vuosin\u00e4yttely, Kaapelitehdas, Helsinki<br>2023 Luontoon kuuluvaa, Akvart Galleria, Helsinki<br>2023 Vett\u00e4 n\u00e4kyviss\u00e4, Akvart Galleria, Helsinki<br>2023 Valoa &#8211; Espoon ty\u00f6v\u00e4enopiston virtuaalinen kuvataiteen kev\u00e4tn\u00e4yttely<br>2023 Silta, Klaukkalan kirkko, Nurmij\u00e4rvi<br>2022 Mystinen luonto, Akvart Galleria, Helsinki<br>2022 Kohtaaminen &#8211; Espoon ty\u00f6v\u00e4enopiston virtuaalinen kuvataiteen kev\u00e4tn\u00e4yttely<br>2020 Luomisen iloja, Jorvin sairaala, Espoo<br>2017 Suomi 100 -juhlan\u00e4yttely, Agricola Finnish Lutheran Church, Toronto, Kanada<br>Yksityisn\u00e4yttelyt<br>2025 Aika ja tila -yksityisn\u00e4yttely, Haikon kartano, Porvoo<br>2024 Hetki\u00e4 ja tunnelmia -yksityisn\u00e4yttely, S\u00e4terinportti, Espoo<br>2023 Nelj\u00e4 vuodenaikaa -yksityisn\u00e4yttely, Haikon kartano, Porvoo<br>Yhteystiedot<br>p. +358(0)503014731, maaret.multamaki@iki.fi, taidelumo.com, instagram \u201ctaidelumo\u201d<\/p>\n","protected":false},"excerpt":{"rendered":"<p>Juha K\u00e4rkk\u00e4inenAuroran Valo -pimi\u00f6 ja studio Eira Laulajainen0505713517www.eiralaulajainn.com Liisa KnuutiOlen espoolainen kuvataiteilija. Minulla on ty\u00f6huone Tr\u00e4sk\u00e4ndan puiston kupeessa Auroratalossa yhdess\u00e4 30 muun taiteilijan kanssa. Kuulun my\u00f6s aktiiviseen taiteilijayhdistykseen Espoo Artiin, jonka puheenjohtajanakin olen toiminut. Maalauksieni l\u00e4ht\u00f6kohtana on v\u00e4ri. Inspiraation polku vie luontoon, jossa herkulliset v\u00e4riyhdistelm\u00e4t odottavat l\u00f6yt\u00e4j\u00e4\u00e4ns\u00e4. Luonto onkin t\u00e4ynn\u00e4 j\u00e4nnitt\u00e4vi\u00e4 ja salaper\u00e4isi\u00e4 muotoja. Minua kiinnostavat luonnon pienet yksityiskohdat, joita ei havaita ensi silm\u00e4yksell\u00e4. Silmut, sipulit, siemenet ja juuret kantavat &hellip; <\/p>\n","protected":false},"author":1,"featured_media":0,"parent":0,"menu_order":0,"comment_status":"closed","ping_status":"closed","template":"","meta":{"footnotes":""},"class_list":["post-1819","page","type-page","status-publish","hentry","latest_post"],"_links":{"self":[{"href":"https:\/\/www.auroratalo.fi\/index.php?rest_route=\/wp\/v2\/pages\/1819","targetHints":{"allow":["GET"]}}],"collection":[{"href":"https:\/\/www.auroratalo.fi\/index.php?rest_route=\/wp\/v2\/pages"}],"about":[{"href":"https:\/\/www.auroratalo.fi\/index.php?rest_route=\/wp\/v2\/types\/page"}],"author":[{"embeddable":true,"href":"https:\/\/www.auroratalo.fi\/index.php?rest_route=\/wp\/v2\/users\/1"}],"replies":[{"embeddable":true,"href":"https:\/\/www.auroratalo.fi\/index.php?rest_route=%2Fwp%2Fv2%2Fcomments&post=1819"}],"version-history":[{"count":2,"href":"https:\/\/www.auroratalo.fi\/index.php?rest_route=\/wp\/v2\/pages\/1819\/revisions"}],"predecessor-version":[{"id":1825,"href":"https:\/\/www.auroratalo.fi\/index.php?rest_route=\/wp\/v2\/pages\/1819\/revisions\/1825"}],"wp:attachment":[{"href":"https:\/\/www.auroratalo.fi\/index.php?rest_route=%2Fwp%2Fv2%2Fmedia&parent=1819"}],"curies":[{"name":"wp","href":"https:\/\/api.w.org\/{rel}","templated":true}]}}