{"id":251,"date":"2022-06-08T11:03:06","date_gmt":"2022-06-08T11:03:06","guid":{"rendered":"https:\/\/www.auroratalo.fi\/?page_id=251"},"modified":"2025-06-26T15:24:18","modified_gmt":"2025-06-26T15:24:18","slug":"mika-tenetz","status":"publish","type":"page","link":"https:\/\/www.auroratalo.fi\/?page_id=251","title":{"rendered":"Fysioterapia Tenetz"},"content":{"rendered":"\n<div class=\"wp-block-group\"><div class=\"wp-block-group__inner-container is-layout-constrained wp-block-group-is-layout-constrained\"><\/div><\/div>\n\n\n\n<figure class=\"wp-block-image size-large\"><img loading=\"lazy\" decoding=\"async\" width=\"632\" height=\"1024\" src=\"https:\/\/www.auroratalo.fi\/wp-content\/uploads\/2025\/06\/Mikan-kuva-632x1024.jpg\" alt=\"\" class=\"wp-image-1624\" srcset=\"https:\/\/www.auroratalo.fi\/wp-content\/uploads\/2025\/06\/Mikan-kuva-632x1024.jpg 632w, https:\/\/www.auroratalo.fi\/wp-content\/uploads\/2025\/06\/Mikan-kuva-185x300.jpg 185w, https:\/\/www.auroratalo.fi\/wp-content\/uploads\/2025\/06\/Mikan-kuva-93x150.jpg 93w, https:\/\/www.auroratalo.fi\/wp-content\/uploads\/2025\/06\/Mikan-kuva-37x60.jpg 37w, https:\/\/www.auroratalo.fi\/wp-content\/uploads\/2025\/06\/Mikan-kuva.jpg 717w\" sizes=\"auto, (max-width: 632px) 100vw, 632px\" \/><\/figure>\n\n\n\n<p class=\"has-medium-font-size\"><a href=\"https:\/\/nettiaika.fi\/mikatenetz\">Varauskalenteriin<\/a><\/p>\n\n\n\n<p class=\"has-medium-font-size\">Auroratalo, Kuninkaantie 43, 02940 Espoo<br>Ensimm\u00e4inen puiston puoleinen ovi kun tulet <a href=\"https:\/\/palvelukartta.espoo.fi\/fi\/unit\/27531\" data-type=\"link\" data-id=\"https:\/\/palvelukartta.espoo.fi\/fi\/unit\/27531\">parkkipaikalta Tr\u00e4sk\u00e4ndanristi 4<\/a>. <br>Soita kun olet ovella! Puh: 0400913275<br>Akuuttiaikoja voit kysy\u00e4 suoraan puhelimitse<br><\/p>\n\n\n\n<p class=\"has-small-font-size\"><br><br><\/p>\n\n\n\n<p><\/p>\n","protected":false},"excerpt":{"rendered":"<p>Varauskalenteriin Auroratalo, Kuninkaantie 43, 02940 EspooEnsimm\u00e4inen puiston puoleinen ovi kun tulet parkkipaikalta Tr\u00e4sk\u00e4ndanristi 4. Soita kun olet ovella! Puh: 0400913275Akuuttiaikoja voit kysy\u00e4 suoraan puhelimitse<\/p>\n","protected":false},"author":1,"featured_media":0,"parent":0,"menu_order":0,"comment_status":"closed","ping_status":"closed","template":"","meta":{"footnotes":""},"class_list":["post-251","page","type-page","status-publish","hentry","latest_post"],"_links":{"self":[{"href":"https:\/\/www.auroratalo.fi\/index.php?rest_route=\/wp\/v2\/pages\/251","targetHints":{"allow":["GET"]}}],"collection":[{"href":"https:\/\/www.auroratalo.fi\/index.php?rest_route=\/wp\/v2\/pages"}],"about":[{"href":"https:\/\/www.auroratalo.fi\/index.php?rest_route=\/wp\/v2\/types\/page"}],"author":[{"embeddable":true,"href":"https:\/\/www.auroratalo.fi\/index.php?rest_route=\/wp\/v2\/users\/1"}],"replies":[{"embeddable":true,"href":"https:\/\/www.auroratalo.fi\/index.php?rest_route=%2Fwp%2Fv2%2Fcomments&post=251"}],"version-history":[{"count":70,"href":"https:\/\/www.auroratalo.fi\/index.php?rest_route=\/wp\/v2\/pages\/251\/revisions"}],"predecessor-version":[{"id":1626,"href":"https:\/\/www.auroratalo.fi\/index.php?rest_route=\/wp\/v2\/pages\/251\/revisions\/1626"}],"wp:attachment":[{"href":"https:\/\/www.auroratalo.fi\/index.php?rest_route=%2Fwp%2Fv2%2Fmedia&parent=251"}],"curies":[{"name":"wp","href":"https:\/\/api.w.org\/{rel}","templated":true}]}}