{"id":297,"date":"2022-06-08T14:43:38","date_gmt":"2022-06-08T14:43:38","guid":{"rendered":"https:\/\/www.auroratalo.fi\/?page_id=297"},"modified":"2023-08-12T06:51:56","modified_gmt":"2023-08-12T06:51:56","slug":"kahvila-aiju","status":"publish","type":"page","link":"https:\/\/www.auroratalo.fi\/?page_id=297","title":{"rendered":"Kahvila Aiju"},"content":{"rendered":"\n<p class=\"has-text-align-left\">Ihastuttava kes\u00e4kahvila, toistaiseksi suljettu<br><\/p>\n\n\n\n<p><a href=\"https:\/\/www.facebook.com\/kahvila.aiju\">T\u00e4st\u00e4 p\u00e4\u00e4set Aijun Facebook-sivulle!<\/a><\/p>\n","protected":false},"excerpt":{"rendered":"<p>Ihastuttava kes\u00e4kahvila, toistaiseksi suljettu T\u00e4st\u00e4 p\u00e4\u00e4set Aijun Facebook-sivulle!<\/p>\n","protected":false},"author":1,"featured_media":298,"parent":0,"menu_order":0,"comment_status":"closed","ping_status":"closed","template":"","meta":{"footnotes":""},"class_list":["post-297","page","type-page","status-publish","has-post-thumbnail","hentry","latest_post"],"_links":{"self":[{"href":"https:\/\/www.auroratalo.fi\/index.php?rest_route=\/wp\/v2\/pages\/297","targetHints":{"allow":["GET"]}}],"collection":[{"href":"https:\/\/www.auroratalo.fi\/index.php?rest_route=\/wp\/v2\/pages"}],"about":[{"href":"https:\/\/www.auroratalo.fi\/index.php?rest_route=\/wp\/v2\/types\/page"}],"author":[{"embeddable":true,"href":"https:\/\/www.auroratalo.fi\/index.php?rest_route=\/wp\/v2\/users\/1"}],"replies":[{"embeddable":true,"href":"https:\/\/www.auroratalo.fi\/index.php?rest_route=%2Fwp%2Fv2%2Fcomments&post=297"}],"version-history":[{"count":5,"href":"https:\/\/www.auroratalo.fi\/index.php?rest_route=\/wp\/v2\/pages\/297\/revisions"}],"predecessor-version":[{"id":901,"href":"https:\/\/www.auroratalo.fi\/index.php?rest_route=\/wp\/v2\/pages\/297\/revisions\/901"}],"wp:featuredmedia":[{"embeddable":true,"href":"https:\/\/www.auroratalo.fi\/index.php?rest_route=\/wp\/v2\/media\/298"}],"wp:attachment":[{"href":"https:\/\/www.auroratalo.fi\/index.php?rest_route=%2Fwp%2Fv2%2Fmedia&parent=297"}],"curies":[{"name":"wp","href":"https:\/\/api.w.org\/{rel}","templated":true}]}}