{"id":359,"date":"2022-06-11T06:39:30","date_gmt":"2022-06-11T06:39:30","guid":{"rendered":"https:\/\/www.auroratalo.fi\/?page_id=359"},"modified":"2022-07-01T04:43:45","modified_gmt":"2022-07-01T04:43:45","slug":"kati-hokkanen-fysioterapia","status":"publish","type":"page","link":"https:\/\/www.auroratalo.fi\/?page_id=359","title":{"rendered":"Kati Hokkanen, fysioterapia"},"content":{"rendered":"\n<p>Terveiset C-rapun huoneesta 192!<br><br>Olen Kati Hokkanen, terveyden ja hyvinvoinnin kokenut ammattilainen. Toimin fysioterapeuttina,<br>henkil\u00f6kohtaisena kuntovalmentajana, sparraajana ja ty\u00f6nohjaajana. Teen my\u00f6s klassista ja<br>urheiluhierontaa.<br><br>Olen toiminut liikunnan, hyvinvoinnin ja terveyden ammattilaisena yli 30 vuotta. Yritt\u00e4j\u00e4 ja<br>itsen\u00e4inen ammatinharjoittaja olen ollut yli 20 vuotta. Asiakkaitani ovat yksityiset henkil\u00f6t ja<br>yritykset.<br><br>Palveluitani ovat mm. tuki- ja liikuntaelimist\u00f6n fysioterapia, hieronta, kinesioteippaus, ik\u00e4\u00e4ntyneiden<br>fysioterapia, urheilufysioterapia, personal training -valmennus, ravinto-ohjaus sek\u00e4<br>ty\u00f6nohjauspalvelut. Teen my\u00f6s koti- ja yritysk\u00e4yntej\u00e4. Olen perehtynyt erityisesti polven ja lonkan<br>tekonivelleikkauksen j\u00e4lkeiseen kuntoutukseen. Itsell\u00e4ni on vanha yleisurheilu- ja<br>keih\u00e4\u00e4nheittotausta, joten toimin my\u00f6s mielell\u00e4ni urheilijoiden parissa.<br><br>Olen aiemmin toiminut yritykseni Sparraamo10 Oy:n kautta luotettuna yhteisty\u00f6kumppanina isojen<br>yritysten ja heid\u00e4n ty\u00f6terveyshuoltonsa kanssa hyv\u00e4n ty\u00f6terveyshuoltok\u00e4yt\u00e4nn\u00f6n mukaisesti yli 15<br>vuoden ajan. T\u00e4ll\u00e4 hetkell\u00e4 kuulun itsen\u00e4isten elinkeinonharjoittajien verkostoon, joka on nimelt\u00e4\u00e4n<br>Fysioterapiatiimi.fi<br><br>Vastaanottoni Katin FT-klinikka sijaitsi ennen Laaksolahdessa, ja 1.8.2022 alkaen aloitan<br>vastaanoton Auroratalossa, C-rappu ja huone 192.<br><br>L\u00e4mpim\u00e4sti tervetuloa Katin FT-klinikalle!<br><br>T: Kati Hokkanen<br><br><a href=\"http:\/\/www.fysioterapiatiimi.fi\/ajanvaraus\/\">Kotisivut: www.fysioterapiatiimi.fi<\/a><br><a href=\"https:\/\/www.fysioterapiatiimi.fi\/ajanvaraus\/\">Nettiajanvaraus: www.fysioterapiatiimi.fi\/ajanvaraus\/<\/a><br>Puhelin: 050 5254472<br>Email: kati.hokkanen@fysioterapiatiimi.fi<br><a href=\"https:\/\/www.facebook.com\/katinklinikka\">Facebook: Katin FT-klinikka<\/a><br><br>Katin koulutus:<br>&#8211; Fysioterapeutti AMK, Metropolian Ammattikorkeakoulussa<br>&#8211;  Liikunnanohjaaja, Suomen Urheiluopisto<br>&#8211; Ty\u00f6nohjaaja, Tampereen Yliopiston T\u00e4ydennyskoulutuskeskus<br>&#8211; Nutrition Coach, Fitness Academy of Finland<br>&#8211;  Ty\u00f6terveyshuollon liikunnan alan asiantuntija, Ty\u00f6terveyslaitos<br>&#8211; Psykoterapiataitojen peruskoulutus, Suomen Mielenterveysseura<br>&#8211; FAF-Personal Trainer Pro, FAF<br>&#8211;  Urheiluhieroja, Hieronta-akatemia<br>&#8211; FAF-Personal Trainer, FAF<br>&#8211;  Markkinoinnin Perustutkinto Markkinointi-Instituutti<br><br>Yritykset ja sidonnaisuudet:<br>&#8211;  Fysioterapiatiimi.fi, itsen\u00e4isten elinkeinonharjoittajien verkosto, 1.9.2017-<br>&#8211;  Kati Hokkanen (tmi), 15.6.2017-<br>&#8211; Sparraamo10 Oy, 2010- 2017<br>&#8211; Wellness Vision (tmi), 2007\u20132010<br>&#8211;  Tiimiliikunta Kati Hokkanen (tmi), 1996\u20132007<\/p>\n","protected":false},"excerpt":{"rendered":"<p>Terveiset C-rapun huoneesta 192! Olen Kati Hokkanen, terveyden ja hyvinvoinnin kokenut ammattilainen. Toimin fysioterapeuttina,henkil\u00f6kohtaisena kuntovalmentajana, sparraajana ja ty\u00f6nohjaajana. Teen my\u00f6s klassista jaurheiluhierontaa. Olen toiminut liikunnan, hyvinvoinnin ja terveyden ammattilaisena yli 30 vuotta. Yritt\u00e4j\u00e4 jaitsen\u00e4inen ammatinharjoittaja olen ollut yli 20 vuotta. Asiakkaitani ovat yksityiset henkil\u00f6t jayritykset. Palveluitani ovat mm. tuki- ja liikuntaelimist\u00f6n fysioterapia, hieronta, kinesioteippaus, ik\u00e4\u00e4ntyneidenfysioterapia, urheilufysioterapia, personal training -valmennus, ravinto-ohjaus sek\u00e4ty\u00f6nohjauspalvelut. Teen my\u00f6s koti- ja yritysk\u00e4yntej\u00e4. Olen perehtynyt erityisesti polven &hellip; <\/p>\n","protected":false},"author":1,"featured_media":360,"parent":0,"menu_order":0,"comment_status":"closed","ping_status":"closed","template":"","meta":{"footnotes":""},"class_list":["post-359","page","type-page","status-publish","has-post-thumbnail","hentry","latest_post"],"_links":{"self":[{"href":"https:\/\/www.auroratalo.fi\/index.php?rest_route=\/wp\/v2\/pages\/359","targetHints":{"allow":["GET"]}}],"collection":[{"href":"https:\/\/www.auroratalo.fi\/index.php?rest_route=\/wp\/v2\/pages"}],"about":[{"href":"https:\/\/www.auroratalo.fi\/index.php?rest_route=\/wp\/v2\/types\/page"}],"author":[{"embeddable":true,"href":"https:\/\/www.auroratalo.fi\/index.php?rest_route=\/wp\/v2\/users\/1"}],"replies":[{"embeddable":true,"href":"https:\/\/www.auroratalo.fi\/index.php?rest_route=%2Fwp%2Fv2%2Fcomments&post=359"}],"version-history":[{"count":4,"href":"https:\/\/www.auroratalo.fi\/index.php?rest_route=\/wp\/v2\/pages\/359\/revisions"}],"predecessor-version":[{"id":579,"href":"https:\/\/www.auroratalo.fi\/index.php?rest_route=\/wp\/v2\/pages\/359\/revisions\/579"}],"wp:featuredmedia":[{"embeddable":true,"href":"https:\/\/www.auroratalo.fi\/index.php?rest_route=\/wp\/v2\/media\/360"}],"wp:attachment":[{"href":"https:\/\/www.auroratalo.fi\/index.php?rest_route=%2Fwp%2Fv2%2Fmedia&parent=359"}],"curies":[{"name":"wp","href":"https:\/\/api.w.org\/{rel}","templated":true}]}}