{"id":529,"date":"2022-06-19T07:57:03","date_gmt":"2022-06-19T07:57:03","guid":{"rendered":"https:\/\/www.auroratalo.fi\/?page_id=529"},"modified":"2022-06-19T07:57:03","modified_gmt":"2022-06-19T07:57:03","slug":"traskandan-kartanon-ystavat-ry","status":"publish","type":"page","link":"https:\/\/www.auroratalo.fi\/?page_id=529","title":{"rendered":"Tr\u00e4sk\u00e4ndan kartanon yst\u00e4v\u00e4t ry"},"content":{"rendered":"\n<p>Tr\u00e4sk\u00e4ndan kartanon yst\u00e4v\u00e4t ry \u2013 Tr\u00e4sk\u00e4nda herrg\u00e5rds v\u00e4nner rf.<\/p>\n\n\n\n<p>Yhdistyksen tarkoituksena on edist\u00e4\u00e4 Tr\u00e4sk\u00e4ndan kartanon kulttuurihistoriallista perint\u00f6\u00e4 ja s\u00e4ilymist\u00e4 kaupungin omistuksessa ja kunnostamista sellaiseen toimintaan, ett\u00e4 kartano s\u00e4ilyy avoimena kuntalaisille ja muulle yleis\u00f6lle. Lis\u00e4ksi yhdistyksen tarkoituksena on lis\u00e4t\u00e4 kartanon ja sen ymp\u00e4rist\u00f6n sek\u00e4 Aurora Karamzinin el\u00e4m\u00e4nty\u00f6n tunnettuutta sek\u00e4 tukea Tr\u00e4sk\u00e4ndan kartanon toimintaedellytyksi\u00e4. Yhdistys toteuttaa tarkoitustaan j\u00e4rjest\u00e4m\u00e4ll\u00e4 tilaisuuksia ja tapahtumia, tekem\u00e4ll\u00e4 kartanoa ja Aurora Karamzinin perint\u00f6\u00e4 tunnetuksi sek\u00e4 hankkimalla varoja toiminnan tukemiseksi Tr\u00e4sk\u00e4ndan kartanolla.<\/p>\n\n\n\n<p><a href=\"https:\/\/traskandankartano.fi\/\">Kotisivut<\/a><\/p>\n\n\n\n<p><a href=\"https:\/\/www.facebook.com\/traskandankartano\/\">Facebook<\/a><\/p>\n\n\n\n<p>Sivun kuva: Julia Weckman<br><\/p>\n","protected":false},"excerpt":{"rendered":"<p>Tr\u00e4sk\u00e4ndan kartanon yst\u00e4v\u00e4t ry \u2013 Tr\u00e4sk\u00e4nda herrg\u00e5rds v\u00e4nner rf. Yhdistyksen tarkoituksena on edist\u00e4\u00e4 Tr\u00e4sk\u00e4ndan kartanon kulttuurihistoriallista perint\u00f6\u00e4 ja s\u00e4ilymist\u00e4 kaupungin omistuksessa ja kunnostamista sellaiseen toimintaan, ett\u00e4 kartano s\u00e4ilyy avoimena kuntalaisille ja muulle yleis\u00f6lle. Lis\u00e4ksi yhdistyksen tarkoituksena on lis\u00e4t\u00e4 kartanon ja sen ymp\u00e4rist\u00f6n sek\u00e4 Aurora Karamzinin el\u00e4m\u00e4nty\u00f6n tunnettuutta sek\u00e4 tukea Tr\u00e4sk\u00e4ndan kartanon toimintaedellytyksi\u00e4. Yhdistys toteuttaa tarkoitustaan j\u00e4rjest\u00e4m\u00e4ll\u00e4 tilaisuuksia ja tapahtumia, tekem\u00e4ll\u00e4 kartanoa ja Aurora Karamzinin perint\u00f6\u00e4 tunnetuksi sek\u00e4 hankkimalla varoja toiminnan &hellip; <\/p>\n","protected":false},"author":1,"featured_media":530,"parent":0,"menu_order":0,"comment_status":"closed","ping_status":"closed","template":"","meta":{"footnotes":""},"class_list":["post-529","page","type-page","status-publish","has-post-thumbnail","hentry","latest_post"],"_links":{"self":[{"href":"https:\/\/www.auroratalo.fi\/index.php?rest_route=\/wp\/v2\/pages\/529","targetHints":{"allow":["GET"]}}],"collection":[{"href":"https:\/\/www.auroratalo.fi\/index.php?rest_route=\/wp\/v2\/pages"}],"about":[{"href":"https:\/\/www.auroratalo.fi\/index.php?rest_route=\/wp\/v2\/types\/page"}],"author":[{"embeddable":true,"href":"https:\/\/www.auroratalo.fi\/index.php?rest_route=\/wp\/v2\/users\/1"}],"replies":[{"embeddable":true,"href":"https:\/\/www.auroratalo.fi\/index.php?rest_route=%2Fwp%2Fv2%2Fcomments&post=529"}],"version-history":[{"count":1,"href":"https:\/\/www.auroratalo.fi\/index.php?rest_route=\/wp\/v2\/pages\/529\/revisions"}],"predecessor-version":[{"id":532,"href":"https:\/\/www.auroratalo.fi\/index.php?rest_route=\/wp\/v2\/pages\/529\/revisions\/532"}],"wp:featuredmedia":[{"embeddable":true,"href":"https:\/\/www.auroratalo.fi\/index.php?rest_route=\/wp\/v2\/media\/530"}],"wp:attachment":[{"href":"https:\/\/www.auroratalo.fi\/index.php?rest_route=%2Fwp%2Fv2%2Fmedia&parent=529"}],"curies":[{"name":"wp","href":"https:\/\/api.w.org\/{rel}","templated":true}]}}